{"id":1465,"date":"2021-10-19T16:51:34","date_gmt":"2021-10-19T21:51:34","guid":{"rendered":"https:\/\/fccf.unsa.edu.pe\/finanzas\/?page_id=1465"},"modified":"2021-10-19T16:51:34","modified_gmt":"2021-10-19T21:51:34","slug":"perfil-del-ingresante","status":"publish","type":"page","link":"https:\/\/fccf.unsa.edu.pe\/finanzas\/perfil-del-ingresante\/","title":{"rendered":"Perfil del Ingresante"},"content":{"rendered":"<p>El ingresante a la Escuela Profesional de Finanzas deber\u00e1:<\/p>\n<ul>\n<li>Demostrar conocimiento en matem\u00e1tica b\u00e1sica obtenido durante su Educaci\u00f3n B\u00e1sica Regular (primaria y secundaria).<\/li>\n<li>Tener capacidad para la resoluci\u00f3n de problemas de manera \u00e1gil y efectiva.<\/li>\n<li>Contar con habilidad para la comprensi\u00f3n lectora, redacci\u00f3n y composici\u00f3n.<\/li>\n<\/ul>\n","protected":false},"excerpt":{"rendered":"<p>El ingresante a la Escuela Profesional de Finanzas deber\u00e1: Demostrar conocimiento en matem\u00e1tica b\u00e1sica obtenido durante su Educaci\u00f3n B\u00e1sica Regular (primaria y secundaria). Tener capacidad para la resoluci\u00f3n de problemas de manera \u00e1gil y efectiva. Contar con habilidad para la comprensi\u00f3n lectora, redacci\u00f3n y composici\u00f3n.<\/p>\n","protected":false},"author":1,"featured_media":1453,"parent":0,"menu_order":0,"comment_status":"closed","ping_status":"closed","template":"","meta":{"_acf_changed":false,"footnotes":""},"class_list":["post-1465","page","type-page","status-publish","has-post-thumbnail","hentry"],"acf":[],"_links":{"self":[{"href":"https:\/\/fccf.unsa.edu.pe\/finanzas\/wp-json\/wp\/v2\/pages\/1465","targetHints":{"allow":["GET"]}}],"collection":[{"href":"https:\/\/fccf.unsa.edu.pe\/finanzas\/wp-json\/wp\/v2\/pages"}],"about":[{"href":"https:\/\/fccf.unsa.edu.pe\/finanzas\/wp-json\/wp\/v2\/types\/page"}],"author":[{"embeddable":true,"href":"https:\/\/fccf.unsa.edu.pe\/finanzas\/wp-json\/wp\/v2\/users\/1"}],"replies":[{"embeddable":true,"href":"https:\/\/fccf.unsa.edu.pe\/finanzas\/wp-json\/wp\/v2\/comments?post=1465"}],"version-history":[{"count":1,"href":"https:\/\/fccf.unsa.edu.pe\/finanzas\/wp-json\/wp\/v2\/pages\/1465\/revisions"}],"predecessor-version":[{"id":1466,"href":"https:\/\/fccf.unsa.edu.pe\/finanzas\/wp-json\/wp\/v2\/pages\/1465\/revisions\/1466"}],"wp:featuredmedia":[{"embeddable":true,"href":"https:\/\/fccf.unsa.edu.pe\/finanzas\/wp-json\/wp\/v2\/media\/1453"}],"wp:attachment":[{"href":"https:\/\/fccf.unsa.edu.pe\/finanzas\/wp-json\/wp\/v2\/media?parent=1465"}],"curies":[{"name":"wp","href":"https:\/\/api.w.org\/{rel}","templated":true}]}}