{"id":1460,"date":"2021-10-19T16:48:09","date_gmt":"2021-10-19T21:48:09","guid":{"rendered":"https:\/\/fccf.unsa.edu.pe\/finanzas\/?page_id=1460"},"modified":"2021-10-19T16:48:09","modified_gmt":"2021-10-19T21:48:09","slug":"personal-administrativo","status":"publish","type":"page","link":"https:\/\/fccf.unsa.edu.pe\/finanzas\/personal-administrativo\/","title":{"rendered":"Personal Administrativo"},"content":{"rendered":"<p><strong>Lizeth Ver\u00f3nica Ch\u00e1vez Vel\u00e1squez<\/strong><br \/>\nSecretaria<\/p>\n","protected":false},"excerpt":{"rendered":"<p>Lizeth Ver\u00f3nica Ch\u00e1vez Vel\u00e1squez Secretaria<\/p>\n","protected":false},"author":1,"featured_media":1184,"parent":0,"menu_order":0,"comment_status":"closed","ping_status":"closed","template":"","meta":{"_acf_changed":false,"footnotes":""},"class_list":["post-1460","page","type-page","status-publish","has-post-thumbnail","hentry"],"acf":[],"_links":{"self":[{"href":"https:\/\/fccf.unsa.edu.pe\/finanzas\/wp-json\/wp\/v2\/pages\/1460","targetHints":{"allow":["GET"]}}],"collection":[{"href":"https:\/\/fccf.unsa.edu.pe\/finanzas\/wp-json\/wp\/v2\/pages"}],"about":[{"href":"https:\/\/fccf.unsa.edu.pe\/finanzas\/wp-json\/wp\/v2\/types\/page"}],"author":[{"embeddable":true,"href":"https:\/\/fccf.unsa.edu.pe\/finanzas\/wp-json\/wp\/v2\/users\/1"}],"replies":[{"embeddable":true,"href":"https:\/\/fccf.unsa.edu.pe\/finanzas\/wp-json\/wp\/v2\/comments?post=1460"}],"version-history":[{"count":1,"href":"https:\/\/fccf.unsa.edu.pe\/finanzas\/wp-json\/wp\/v2\/pages\/1460\/revisions"}],"predecessor-version":[{"id":1461,"href":"https:\/\/fccf.unsa.edu.pe\/finanzas\/wp-json\/wp\/v2\/pages\/1460\/revisions\/1461"}],"wp:featuredmedia":[{"embeddable":true,"href":"https:\/\/fccf.unsa.edu.pe\/finanzas\/wp-json\/wp\/v2\/media\/1184"}],"wp:attachment":[{"href":"https:\/\/fccf.unsa.edu.pe\/finanzas\/wp-json\/wp\/v2\/media?parent=1460"}],"curies":[{"name":"wp","href":"https:\/\/api.w.org\/{rel}","templated":true}]}}