{"id":1393,"date":"2018-07-19T19:53:40","date_gmt":"2018-07-19T19:53:40","guid":{"rendered":"https:\/\/fccf.unsa.edu.pe\/finanzas\/?page_id=1393"},"modified":"2022-10-24T14:52:45","modified_gmt":"2022-10-24T19:52:45","slug":"comision-de-mejoramiento-continuo-autoevaluacion-y-acreditacion","status":"publish","type":"page","link":"https:\/\/fccf.unsa.edu.pe\/finanzas\/comision-de-mejoramiento-continuo-autoevaluacion-y-acreditacion\/","title":{"rendered":"Comisi\u00f3n de Mejoramiento Continuo, Autoevaluaci\u00f3n y Acreditaci\u00f3n"},"content":{"rendered":"<table class=\"table table-striped\">\n<tbody>\n<tr>\n<th>NOMBRES Y APELLIDOS<\/th>\n<th>CARGO<\/th>\n<\/tr>\n<tr>\n<td>DR. MIGUEL \u00c1NGEL ALARC\u00d3N CARRASCO<\/td>\n<td>Presidente de la Comisi\u00f3n<\/td>\n<\/tr>\n<tr>\n<td>DR. VALERIO TEODORO TICONA APAZA<\/td>\n<td>Coordinador de la Comisi\u00f3n<\/td>\n<\/tr>\n<tr>\n<td>MG. EULOGIO ROBERTO CHAMBI MEDINA<\/td>\n<td>Docente Miembro<\/td>\n<\/tr>\n<tr>\n<td>MG. EDUARDO JAVIER ESPEJO PEZO<\/td>\n<td>Docente Miembro<\/td>\n<\/tr>\n<tr>\n<td>SRTA. RUTH BRENDA FONSECA CALC\u00cdN<\/td>\n<td>Representante de los Estudiantes<\/td>\n<\/tr>\n<tr>\n<td>BACH. LEIDY LISETH QUISPE COLCA<\/td>\n<td>Representante de los Egresados<\/td>\n<\/tr>\n<tr>\n<td>MG. JORGE LUIS CH\u00c1VEZ HUAILLANI<\/td>\n<td>Docente Miembro de Apoyo<\/td>\n<\/tr>\n<tr>\n<td>MG. DELIA MAR\u00cdA RIVERA JAUREGUI<\/td>\n<td>Docente Miembro de Apoyo<\/td>\n<\/tr>\n<tr>\n<td>MG. CARLOS SURCO RAMOS<\/td>\n<td>Docente Miembro de Apoyo<\/td>\n<\/tr>\n<\/tbody>\n<\/table>\n","protected":false},"excerpt":{"rendered":"<p>NOMBRES Y APELLIDOS CARGO DR. MIGUEL \u00c1NGEL ALARC\u00d3N CARRASCO Presidente de la Comisi\u00f3n DR. VALERIO TEODORO TICONA APAZA Coordinador de la Comisi\u00f3n MG. EULOGIO ROBERTO CHAMBI MEDINA Docente Miembro MG. EDUARDO JAVIER ESPEJO PEZO Docente Miembro SRTA. RUTH BRENDA FONSECA CALC\u00cdN Representante de los Estudiantes BACH. LEIDY LISETH QUISPE COLCA Representante de los Egresados MG. [&hellip;]<\/p>\n","protected":false},"author":1,"featured_media":1470,"parent":0,"menu_order":0,"comment_status":"closed","ping_status":"closed","template":"","meta":{"_acf_changed":false,"footnotes":""},"class_list":["post-1393","page","type-page","status-publish","has-post-thumbnail","hentry"],"acf":[],"_links":{"self":[{"href":"https:\/\/fccf.unsa.edu.pe\/finanzas\/wp-json\/wp\/v2\/pages\/1393","targetHints":{"allow":["GET"]}}],"collection":[{"href":"https:\/\/fccf.unsa.edu.pe\/finanzas\/wp-json\/wp\/v2\/pages"}],"about":[{"href":"https:\/\/fccf.unsa.edu.pe\/finanzas\/wp-json\/wp\/v2\/types\/page"}],"author":[{"embeddable":true,"href":"https:\/\/fccf.unsa.edu.pe\/finanzas\/wp-json\/wp\/v2\/users\/1"}],"replies":[{"embeddable":true,"href":"https:\/\/fccf.unsa.edu.pe\/finanzas\/wp-json\/wp\/v2\/comments?post=1393"}],"version-history":[{"count":5,"href":"https:\/\/fccf.unsa.edu.pe\/finanzas\/wp-json\/wp\/v2\/pages\/1393\/revisions"}],"predecessor-version":[{"id":1476,"href":"https:\/\/fccf.unsa.edu.pe\/finanzas\/wp-json\/wp\/v2\/pages\/1393\/revisions\/1476"}],"wp:featuredmedia":[{"embeddable":true,"href":"https:\/\/fccf.unsa.edu.pe\/finanzas\/wp-json\/wp\/v2\/media\/1470"}],"wp:attachment":[{"href":"https:\/\/fccf.unsa.edu.pe\/finanzas\/wp-json\/wp\/v2\/media?parent=1393"}],"curies":[{"name":"wp","href":"https:\/\/api.w.org\/{rel}","templated":true}]}}