{"id":1205,"date":"2018-05-08T21:08:07","date_gmt":"2018-05-08T21:08:07","guid":{"rendered":"https:\/\/fccf.unsa.edu.pe\/finanzas\/?page_id=1205"},"modified":"2023-09-27T12:11:56","modified_gmt":"2023-09-27T17:11:56","slug":"competencias-de-la-carrera","status":"publish","type":"page","link":"https:\/\/fccf.unsa.edu.pe\/finanzas\/competencias-de-la-carrera\/","title":{"rendered":"Competencias de la Carrera"},"content":{"rendered":"<h4>COMPETENCIAS GENERALES DE FINANZAS<\/h4>\n<ul>\n<li><strong>G1:<\/strong> Capacidad de investigaci\u00f3n<\/li>\n<li><strong>G2:<\/strong> \u00c9tica<\/li>\n<li><strong>G3:<\/strong> Comunicaci\u00f3n integral, Trabajo en equipo y TIC\u00b4s<\/li>\n<\/ul>\n<h4>COMPETENCIAS ESPEC\u00cdFICAS DE FINANZAS<\/h4>\n<ul>\n<li><strong>E1.<\/strong> Reportes econ\u00f3micos financieros: Analiza e interpreta la informaci\u00f3n econ\u00f3mica financiera para toma de decisiones en las entidades, de acuerdo a la normatividad vigente.<\/li>\n<li><strong>E2.<\/strong> Instrumentos Financieros: Conoce y aplica instrumentos financieros para optimizar el uso de los recursos, generando rentabilidad empresarial y social.<\/li>\n<li><strong>E3.<\/strong> Legislaci\u00f3n Financiera: Aplica la legislaci\u00f3n financiera, relacionada con el mercado de capitales y las entidades de supervisi\u00f3n financiera, para el adecuado cumplimiento, control y seguimiento de las operaciones financieras.<\/li>\n<li><strong>E4.<\/strong> Toma de Decisiones: Eval\u00faa las alternativas de inversi\u00f3n, financiamiento y gesti\u00f3n de riesgos, para contribuir a maximizar el valor econ\u00f3mico social.<\/li>\n<li><strong>E5.<\/strong> Modelos Financieros: Aplica modelos financieros para generar valor, contribuyendo al desarrollo de la sociedad en un mundo globalizado.<\/li>\n<\/ul>\n","protected":false},"excerpt":{"rendered":"<p>COMPETENCIAS GENERALES DE FINANZAS G1: Capacidad de investigaci\u00f3n G2: \u00c9tica G3: Comunicaci\u00f3n integral, Trabajo en equipo y TIC\u00b4s COMPETENCIAS ESPEC\u00cdFICAS DE FINANZAS E1. Reportes econ\u00f3micos financieros: Analiza e interpreta la informaci\u00f3n econ\u00f3mica financiera para toma de decisiones en las entidades, de acuerdo a la normatividad vigente. E2. Instrumentos Financieros: Conoce y aplica instrumentos financieros para [&hellip;]<\/p>\n","protected":false},"author":1,"featured_media":1453,"parent":0,"menu_order":0,"comment_status":"closed","ping_status":"closed","template":"page-imagen.php","meta":{"_acf_changed":false,"footnotes":""},"class_list":["post-1205","page","type-page","status-publish","has-post-thumbnail","hentry"],"acf":[],"_links":{"self":[{"href":"https:\/\/fccf.unsa.edu.pe\/finanzas\/wp-json\/wp\/v2\/pages\/1205","targetHints":{"allow":["GET"]}}],"collection":[{"href":"https:\/\/fccf.unsa.edu.pe\/finanzas\/wp-json\/wp\/v2\/pages"}],"about":[{"href":"https:\/\/fccf.unsa.edu.pe\/finanzas\/wp-json\/wp\/v2\/types\/page"}],"author":[{"embeddable":true,"href":"https:\/\/fccf.unsa.edu.pe\/finanzas\/wp-json\/wp\/v2\/users\/1"}],"replies":[{"embeddable":true,"href":"https:\/\/fccf.unsa.edu.pe\/finanzas\/wp-json\/wp\/v2\/comments?post=1205"}],"version-history":[{"count":14,"href":"https:\/\/fccf.unsa.edu.pe\/finanzas\/wp-json\/wp\/v2\/pages\/1205\/revisions"}],"predecessor-version":[{"id":1494,"href":"https:\/\/fccf.unsa.edu.pe\/finanzas\/wp-json\/wp\/v2\/pages\/1205\/revisions\/1494"}],"wp:featuredmedia":[{"embeddable":true,"href":"https:\/\/fccf.unsa.edu.pe\/finanzas\/wp-json\/wp\/v2\/media\/1453"}],"wp:attachment":[{"href":"https:\/\/fccf.unsa.edu.pe\/finanzas\/wp-json\/wp\/v2\/media?parent=1205"}],"curies":[{"name":"wp","href":"https:\/\/api.w.org\/{rel}","templated":true}]}}