{"id":1203,"date":"2018-05-08T21:06:49","date_gmt":"2018-05-08T21:06:49","guid":{"rendered":"https:\/\/fccf.unsa.edu.pe\/finanzas\/?page_id=1203"},"modified":"2021-10-20T11:34:40","modified_gmt":"2021-10-20T16:34:40","slug":"campo-ocupacional","status":"publish","type":"page","link":"https:\/\/fccf.unsa.edu.pe\/finanzas\/campo-ocupacional\/","title":{"rendered":"Campo ocupacional"},"content":{"rendered":"<p>El Egresado en Finanzas ser\u00e1 capaz de desarrollarse profesionalmente en las funciones de an\u00e1lisis, planeaci\u00f3n, captaci\u00f3n, inversi\u00f3n y control de recursos monetarios y no monetarios de empresas de car\u00e1cter lucrativo que busquen satisfacer las exigencias de un mercado. Asimismo tendr\u00e1 la capacidad de la asignaci\u00f3n \u00f3ptima de recursos financieros en \u00e1reas prioritarias y estrat\u00e9gicas de dichas empresas.<\/p>\n","protected":false},"excerpt":{"rendered":"<p>El Egresado en Finanzas ser\u00e1 capaz de desarrollarse profesionalmente en las funciones de an\u00e1lisis, planeaci\u00f3n, captaci\u00f3n, inversi\u00f3n y control de recursos monetarios y no monetarios de empresas de car\u00e1cter lucrativo que busquen satisfacer las exigencias de un mercado. Asimismo tendr\u00e1 la capacidad de la asignaci\u00f3n \u00f3ptima de recursos financieros en \u00e1reas prioritarias y estrat\u00e9gicas de [&hellip;]<\/p>\n","protected":false},"author":1,"featured_media":1453,"parent":0,"menu_order":0,"comment_status":"closed","ping_status":"closed","template":"","meta":{"_acf_changed":false,"footnotes":""},"class_list":["post-1203","page","type-page","status-publish","has-post-thumbnail","hentry"],"acf":[],"_links":{"self":[{"href":"https:\/\/fccf.unsa.edu.pe\/finanzas\/wp-json\/wp\/v2\/pages\/1203","targetHints":{"allow":["GET"]}}],"collection":[{"href":"https:\/\/fccf.unsa.edu.pe\/finanzas\/wp-json\/wp\/v2\/pages"}],"about":[{"href":"https:\/\/fccf.unsa.edu.pe\/finanzas\/wp-json\/wp\/v2\/types\/page"}],"author":[{"embeddable":true,"href":"https:\/\/fccf.unsa.edu.pe\/finanzas\/wp-json\/wp\/v2\/users\/1"}],"replies":[{"embeddable":true,"href":"https:\/\/fccf.unsa.edu.pe\/finanzas\/wp-json\/wp\/v2\/comments?post=1203"}],"version-history":[{"count":1,"href":"https:\/\/fccf.unsa.edu.pe\/finanzas\/wp-json\/wp\/v2\/pages\/1203\/revisions"}],"predecessor-version":[{"id":1204,"href":"https:\/\/fccf.unsa.edu.pe\/finanzas\/wp-json\/wp\/v2\/pages\/1203\/revisions\/1204"}],"wp:featuredmedia":[{"embeddable":true,"href":"https:\/\/fccf.unsa.edu.pe\/finanzas\/wp-json\/wp\/v2\/media\/1453"}],"wp:attachment":[{"href":"https:\/\/fccf.unsa.edu.pe\/finanzas\/wp-json\/wp\/v2\/media?parent=1203"}],"curies":[{"name":"wp","href":"https:\/\/api.w.org\/{rel}","templated":true}]}}