{"id":1189,"date":"2018-05-08T19:48:07","date_gmt":"2018-05-08T19:48:07","guid":{"rendered":"https:\/\/fccf.unsa.edu.pe\/finanzas\/?page_id=1189"},"modified":"2021-10-20T11:34:00","modified_gmt":"2021-10-20T16:34:00","slug":"perfil-del-egresado","status":"publish","type":"page","link":"https:\/\/fccf.unsa.edu.pe\/finanzas\/perfil-del-egresado\/","title":{"rendered":"Perfil del Egresado"},"content":{"rendered":"<p>Formar Profesionales l\u00edderes en finanzas, competentes y \u00e9ticos, con capacidad para la investigaci\u00f3n e innovaci\u00f3n, generando conocimiento y gestionando recursos monetarios, no monetarios y riesgos financieros, contribuyendo al desarrollo sostenible del sistema financiero, Mercado de Valores y empresarial a nivel global, con responsabilidad social.<\/p>\n","protected":false},"excerpt":{"rendered":"<p>Formar Profesionales l\u00edderes en finanzas, competentes y \u00e9ticos, con capacidad para la investigaci\u00f3n e innovaci\u00f3n, generando conocimiento y gestionando recursos monetarios, no monetarios y riesgos financieros, contribuyendo al desarrollo sostenible del sistema financiero, Mercado de Valores y empresarial a nivel global, con responsabilidad social.<\/p>\n","protected":false},"author":1,"featured_media":1470,"parent":0,"menu_order":0,"comment_status":"closed","ping_status":"closed","template":"","meta":{"_acf_changed":false,"footnotes":""},"class_list":["post-1189","page","type-page","status-publish","has-post-thumbnail","hentry"],"acf":[],"_links":{"self":[{"href":"https:\/\/fccf.unsa.edu.pe\/finanzas\/wp-json\/wp\/v2\/pages\/1189","targetHints":{"allow":["GET"]}}],"collection":[{"href":"https:\/\/fccf.unsa.edu.pe\/finanzas\/wp-json\/wp\/v2\/pages"}],"about":[{"href":"https:\/\/fccf.unsa.edu.pe\/finanzas\/wp-json\/wp\/v2\/types\/page"}],"author":[{"embeddable":true,"href":"https:\/\/fccf.unsa.edu.pe\/finanzas\/wp-json\/wp\/v2\/users\/1"}],"replies":[{"embeddable":true,"href":"https:\/\/fccf.unsa.edu.pe\/finanzas\/wp-json\/wp\/v2\/comments?post=1189"}],"version-history":[{"count":6,"href":"https:\/\/fccf.unsa.edu.pe\/finanzas\/wp-json\/wp\/v2\/pages\/1189\/revisions"}],"predecessor-version":[{"id":1426,"href":"https:\/\/fccf.unsa.edu.pe\/finanzas\/wp-json\/wp\/v2\/pages\/1189\/revisions\/1426"}],"wp:featuredmedia":[{"embeddable":true,"href":"https:\/\/fccf.unsa.edu.pe\/finanzas\/wp-json\/wp\/v2\/media\/1470"}],"wp:attachment":[{"href":"https:\/\/fccf.unsa.edu.pe\/finanzas\/wp-json\/wp\/v2\/media?parent=1189"}],"curies":[{"name":"wp","href":"https:\/\/api.w.org\/{rel}","templated":true}]}}