{"id":1185,"date":"2018-05-08T19:41:52","date_gmt":"2018-05-08T19:41:52","guid":{"rendered":"https:\/\/fccf.unsa.edu.pe\/finanzas\/?page_id=1185"},"modified":"2024-06-07T16:46:10","modified_gmt":"2024-06-07T21:46:10","slug":"director-de-escuela","status":"publish","type":"page","link":"https:\/\/fccf.unsa.edu.pe\/finanzas\/director-de-escuela\/","title":{"rendered":"Director de Escuela"},"content":{"rendered":"<hr \/>\n<h2>Dr. Fortunato Edmundo Carpio Valencia<\/h2>\n<p>Nuestro Director de la Escuela de Finanzas es un orgulloso Contador P\u00fablico de la Universidad Nacional de San Agust\u00edn de Arequipa (UNSA), colegiado, acreditado y habilitado. Ha alcanzado un notable nivel acad\u00e9mico con un grado de Maestro en Gesti\u00f3n Empresarial y un Doctorado en Ciencias Empresariales, ambos de la UNSA, adem\u00e1s de un Diplomado en Did\u00e1ctica en Educaci\u00f3n Superior.<\/p>\n<p>Su carrera profesional e investigativa se ha enfocado en resolver problemas econ\u00f3micos, contables, financieros, administrativos y tributarios en diversas organizaciones, abarcando tanto el sector p\u00fablico como el privado. Actualmente, es Docente Principal de Pre y Posgrado en la UNSA y en otras universidades, donde comparte su vasto conocimiento y experiencia.<\/p>\n<p>Como l\u00edder motivado tiene la habilidad de trabajar en equipo e independientemente con grupos multidisciplinarios y culturales. La humildad ha sido un pilar fundamental en su \u00e9xito como autoridad universitaria. Su deseo de servir al pr\u00f3jimo lo impuls\u00f3 a dedicarse al \u00e1mbito acad\u00e9mico y a su \u00e1rea de especializaci\u00f3n. Se ha visto significativamente influenciado por el libro \u00abPadre Rico, Padre Pobre\u00bb, que ha moldeado su pensamiento y enfoque acad\u00e9mico.<\/p>\n<p>Para mantenerse al d\u00eda en su campo, se informa a trav\u00e9s de peri\u00f3dicos, redes sociales y televisi\u00f3n. A la juventud, les transmite un mensaje claro: \u00abFe, fuerza y \u00e1nimo.\u00bb y en su filosof\u00eda de vida, destaca una profunda creencia: \u00abCree en Dios, todo est\u00e1 escrito.\u00bb<\/p>\n","protected":false},"excerpt":{"rendered":"<p>Dr. Fortunato Edmundo Carpio Valencia Nuestro Director de la Escuela de Finanzas es un orgulloso Contador P\u00fablico de la Universidad Nacional de San Agust\u00edn de Arequipa (UNSA), colegiado, acreditado y habilitado. Ha alcanzado un notable nivel acad\u00e9mico con un grado de Maestro en Gesti\u00f3n Empresarial y un Doctorado en Ciencias Empresariales, ambos de la UNSA, [&hellip;]<\/p>\n","protected":false},"author":1,"featured_media":1503,"parent":0,"menu_order":0,"comment_status":"closed","ping_status":"closed","template":"page-autoridades.php","meta":{"_acf_changed":false,"footnotes":""},"class_list":["post-1185","page","type-page","status-publish","has-post-thumbnail","hentry"],"acf":[],"_links":{"self":[{"href":"https:\/\/fccf.unsa.edu.pe\/finanzas\/wp-json\/wp\/v2\/pages\/1185","targetHints":{"allow":["GET"]}}],"collection":[{"href":"https:\/\/fccf.unsa.edu.pe\/finanzas\/wp-json\/wp\/v2\/pages"}],"about":[{"href":"https:\/\/fccf.unsa.edu.pe\/finanzas\/wp-json\/wp\/v2\/types\/page"}],"author":[{"embeddable":true,"href":"https:\/\/fccf.unsa.edu.pe\/finanzas\/wp-json\/wp\/v2\/users\/1"}],"replies":[{"embeddable":true,"href":"https:\/\/fccf.unsa.edu.pe\/finanzas\/wp-json\/wp\/v2\/comments?post=1185"}],"version-history":[{"count":13,"href":"https:\/\/fccf.unsa.edu.pe\/finanzas\/wp-json\/wp\/v2\/pages\/1185\/revisions"}],"predecessor-version":[{"id":1507,"href":"https:\/\/fccf.unsa.edu.pe\/finanzas\/wp-json\/wp\/v2\/pages\/1185\/revisions\/1507"}],"wp:featuredmedia":[{"embeddable":true,"href":"https:\/\/fccf.unsa.edu.pe\/finanzas\/wp-json\/wp\/v2\/media\/1503"}],"wp:attachment":[{"href":"https:\/\/fccf.unsa.edu.pe\/finanzas\/wp-json\/wp\/v2\/media?parent=1185"}],"curies":[{"name":"wp","href":"https:\/\/api.w.org\/{rel}","templated":true}]}}