{"id":1446,"date":"2018-07-10T21:35:52","date_gmt":"2018-07-10T21:35:52","guid":{"rendered":"https:\/\/fccf.unsa.edu.pe\/contabilidad\/?page_id=1446"},"modified":"2021-10-20T11:28:20","modified_gmt":"2021-10-20T16:28:20","slug":"grados-y-titulos","status":"publish","type":"page","link":"https:\/\/fccf.unsa.edu.pe\/contabilidad\/grados-y-titulos\/","title":{"rendered":"Grados y T\u00edtulos"},"content":{"rendered":"<ul>\n<li><strong>GRADO ACAD\u00c9MICO:<br \/>\n<\/strong>Bachiller en Contabilidad<\/li>\n<\/ul>\n<ul>\n<li><strong>T\u00cdTULO PROFESIONAL:<br \/>\n<\/strong>Contador P\u00fablico<\/li>\n<\/ul>\n","protected":false},"excerpt":{"rendered":"<p>GRADO ACAD\u00c9MICO: Bachiller en Contabilidad T\u00cdTULO PROFESIONAL: Contador P\u00fablico<\/p>\n","protected":false},"author":1,"featured_media":1531,"parent":0,"menu_order":0,"comment_status":"closed","ping_status":"closed","template":"","meta":{"_acf_changed":false,"footnotes":""},"class_list":["post-1446","page","type-page","status-publish","has-post-thumbnail","hentry"],"acf":[],"_links":{"self":[{"href":"https:\/\/fccf.unsa.edu.pe\/contabilidad\/wp-json\/wp\/v2\/pages\/1446","targetHints":{"allow":["GET"]}}],"collection":[{"href":"https:\/\/fccf.unsa.edu.pe\/contabilidad\/wp-json\/wp\/v2\/pages"}],"about":[{"href":"https:\/\/fccf.unsa.edu.pe\/contabilidad\/wp-json\/wp\/v2\/types\/page"}],"author":[{"embeddable":true,"href":"https:\/\/fccf.unsa.edu.pe\/contabilidad\/wp-json\/wp\/v2\/users\/1"}],"replies":[{"embeddable":true,"href":"https:\/\/fccf.unsa.edu.pe\/contabilidad\/wp-json\/wp\/v2\/comments?post=1446"}],"version-history":[{"count":1,"href":"https:\/\/fccf.unsa.edu.pe\/contabilidad\/wp-json\/wp\/v2\/pages\/1446\/revisions"}],"predecessor-version":[{"id":1447,"href":"https:\/\/fccf.unsa.edu.pe\/contabilidad\/wp-json\/wp\/v2\/pages\/1446\/revisions\/1447"}],"wp:featuredmedia":[{"embeddable":true,"href":"https:\/\/fccf.unsa.edu.pe\/contabilidad\/wp-json\/wp\/v2\/media\/1531"}],"wp:attachment":[{"href":"https:\/\/fccf.unsa.edu.pe\/contabilidad\/wp-json\/wp\/v2\/media?parent=1446"}],"curies":[{"name":"wp","href":"https:\/\/api.w.org\/{rel}","templated":true}]}}