{"id":1210,"date":"2018-04-23T16:20:10","date_gmt":"2018-04-23T16:20:10","guid":{"rendered":"https:\/\/fccf.unsa.edu.pe\/contabilidad\/?page_id=1210"},"modified":"2024-05-05T22:23:27","modified_gmt":"2024-05-06T03:23:27","slug":"personal-docente","status":"publish","type":"page","link":"https:\/\/fccf.unsa.edu.pe\/contabilidad\/personal-docente\/","title":{"rendered":"Personal Docente"},"content":{"rendered":"<table style=\"height: 1548px\" width=\"594\">\n<tbody>\n<tr>\n<td width=\"80\"><strong>Nro.<\/strong><\/td>\n<td width=\"382\"><strong>\u00a0NOMBRES Y APELLIDOS<\/strong><\/td>\n<td width=\"80\"><strong>CAT\/REG.<\/strong><\/td>\n<\/tr>\n<tr>\n<td>1<\/td>\n<td>Dr. RONALD EDDY CUBA CARPIO<\/td>\n<td>PR.DE<\/td>\n<\/tr>\n<tr>\n<td>2<\/td>\n<td>Dr. LUIS\u00a0 ROBERTO GAMERO JU\u00c1REZ<\/td>\n<td>PR.DE<\/td>\n<\/tr>\n<tr>\n<td>3<\/td>\n<td>Dr. ALDO ENR\u00cdQUEZ GUTIERREZ<\/td>\n<td>PR.DE<\/td>\n<\/tr>\n<tr>\n<td>4<\/td>\n<td>Dr. JOHN ALEX DELGADO NIETO<\/td>\n<td>PR.DE<\/td>\n<\/tr>\n<tr>\n<td>5<\/td>\n<td>Dr. MIGUEL \u00c1NGEL ALARC\u00d3N CARRASCO<\/td>\n<td>PR.DE<\/td>\n<\/tr>\n<tr>\n<td>6<\/td>\n<td>Dr. JES\u00daS TELLEZ ESPINOZA<\/td>\n<td>PR.DE<\/td>\n<\/tr>\n<tr>\n<td>7<\/td>\n<td>Dr. FORTUNATO EDMUNDO\u00a0 CARPIO VALENCIA<\/td>\n<td>PR.DE<\/td>\n<\/tr>\n<tr>\n<td>8<\/td>\n<td>Dr. ROHEL S\u00c1NCHEZ\u00a0 S\u00c1NCHEZ<\/td>\n<td>PR.DE<\/td>\n<\/tr>\n<tr>\n<td>9<\/td>\n<td>CPC. JORGE\u00a0 VICTOR ENR\u00cdQUEZ GUERRA<\/td>\n<td>PR.DE<\/td>\n<\/tr>\n<tr>\n<td>10<\/td>\n<td>Dr. JES\u00daS HINOJOSA RAMOS<\/td>\n<td>PR.DE<\/td>\n<\/tr>\n<tr>\n<td>11<\/td>\n<td>Dr. LEONARDO PATRICIO CALDER\u00d3N PERALTA<\/td>\n<td>PR.TC<\/td>\n<\/tr>\n<tr>\n<td>12<\/td>\n<td>Dr. ORLANDO AGUST\u00cdN MACEDO GUILL\u00c9N<\/td>\n<td>PR.TC<\/td>\n<\/tr>\n<tr>\n<td>13<\/td>\n<td>Dr. JORGE IGNACIO TALAVERA UGARTE<\/td>\n<td>PR.TC<\/td>\n<\/tr>\n<tr>\n<td>14<\/td>\n<td>Dr. RUB\u00c9N CELESTINO FERN\u00c1NDEZ FERN\u00c1NDEZ<\/td>\n<td>PR.TC<\/td>\n<\/tr>\n<tr>\n<td>15<\/td>\n<td>Dr. MIGUEL \u00c1NGEL SOTOMAYOR LECAROS<\/td>\n<td>PR.TC<\/td>\n<\/tr>\n<tr>\n<td>16<\/td>\n<td>Dr. TEODOSIO MARCELINO SERRUTO HUANCA<\/td>\n<td>PR.TP-10<\/td>\n<\/tr>\n<tr>\n<td>17<\/td>\n<td>Dr. EDWIN EMILIANO J\u00c1UREGUI GONGORA<\/td>\n<td>PR.TP-20<\/td>\n<\/tr>\n<tr>\n<td>18<\/td>\n<td>Dr. MARCO ANTONIO HUAMAN\u00cd MOLLOCO<\/td>\n<td>PR.TP-20<\/td>\n<\/tr>\n<tr>\n<td>19<\/td>\n<td>Dr.\u00a0 CONSTANTE EDUARDO JARA ORTEGA<\/td>\n<td>PR.TP-20<\/td>\n<\/tr>\n<tr>\n<td>20<\/td>\n<td>Dr. HIP\u00d3LITO NICOL\u00c1S HERRERA C\u00c1CERES<\/td>\n<td>PR.TP-20<\/td>\n<\/tr>\n<tr>\n<td>21<\/td>\n<td>Dr. JIMMY ANGEL D\u00cdAZ FLORES<\/td>\n<td>AS.DE<\/td>\n<\/tr>\n<tr>\n<td>22<\/td>\n<td>CPC. CARLOS RUB\u00c9N CUADROS ZARATE<\/td>\n<td>AS.TC.<\/td>\n<\/tr>\n<tr>\n<td>23<\/td>\n<td>Mg. JUAN CARLOS ASPILCUETA FLORES<\/td>\n<td>AS.TC.<\/td>\n<\/tr>\n<tr>\n<td>24<\/td>\n<td>Dra. MAR\u00cdA LUDGARDA APAZA TAPIA<\/td>\n<td>AS.TC.<\/td>\n<\/tr>\n<tr>\n<td>25<\/td>\n<td>Mg. EULOGIO ROBERTO CHAMBI MEDINA<\/td>\n<td>AS.TC.<\/td>\n<\/tr>\n<tr>\n<td>26<\/td>\n<td>Mg. FREDDY LEONIDAS CORRALES PERALTA<\/td>\n<td>AS.TP-10<\/td>\n<\/tr>\n<tr>\n<td>27<\/td>\n<td>Mg. ELMER OSWALDO BARRERA BENAVIDES<\/td>\n<td>AS.TP-10<\/td>\n<\/tr>\n<tr>\n<td>28<\/td>\n<td>Mg. YOLANDA JES\u00daS ZEGARRA FERN\u00c1NDEZ<\/td>\n<td>AS.TP-10<\/td>\n<\/tr>\n<tr>\n<td>29<\/td>\n<td>Mg. MANUEL CARDENAS HERRERA<\/td>\n<td>AS.TP-10<\/td>\n<\/tr>\n<tr>\n<td>30<\/td>\n<td>Dr. VLADIMIR AR\u00d3STEGUI G\u00c1LVEZ<\/td>\n<td>AS.TP-20<\/td>\n<\/tr>\n<tr>\n<td>31<\/td>\n<td>CPC. MICHAEL ANDREU BUSTAMANTE BALL\u00d3N<\/td>\n<td>AS.TP-20<\/td>\n<\/tr>\n<tr>\n<td>32<\/td>\n<td>Mg.\u00a0 MIRTA VICTORIA D\u00cdAZ DE GONZALES<\/td>\n<td>AS.TP-20<\/td>\n<\/tr>\n<tr>\n<td>33<\/td>\n<td>Mg. VIRGINIA ROSARIO GONZALES ESCALANTE<\/td>\n<td>AS.TP-20<\/td>\n<\/tr>\n<tr>\n<td>34<\/td>\n<td>Mg. RICHARD JAVIER RODR\u00cdGUEZ MIRANDA<\/td>\n<td>AS.TP-20<\/td>\n<\/tr>\n<tr>\n<td>35<\/td>\n<td>Mg. VELMIS GIOVANNI MOLINA BERNAL<\/td>\n<td>AU.TC.<\/td>\n<\/tr>\n<tr>\n<td>36<\/td>\n<td>Mg. YSOLINA BERROA ATENCIO<\/td>\n<td>AU.TC.<\/td>\n<\/tr>\n<tr>\n<td>37<\/td>\n<td>Mg. EDGARD JAVIER ROJAS ARENAS<\/td>\n<td>AU.TC.<\/td>\n<\/tr>\n<tr>\n<td>38<\/td>\n<td>Mg. GABRIEL OSWALDO RIVEROS PAREDES<\/td>\n<td>AU.TC.<\/td>\n<\/tr>\n<tr>\n<td>39<\/td>\n<td>Mg. CARLOS ALBERTO SURCO RAMOS<\/td>\n<td>AU.TC.<\/td>\n<\/tr>\n<tr>\n<td>40<\/td>\n<td>Mg. JULIO YANYACHI ACO CARDENAS<\/td>\n<td>AU.TC.<\/td>\n<\/tr>\n<tr>\n<td>41<\/td>\n<td>Mg. JAMES JAIR DELGADO TALAVERA<\/td>\n<td>AU.TC.<\/td>\n<\/tr>\n<tr>\n<td>42<\/td>\n<td>Mg. EDUARDO JAVIER ESPEJO PEZO<\/td>\n<td>AU.TC.<\/td>\n<\/tr>\n<tr>\n<td>43<\/td>\n<td>Mg. JORGE LUIS CHAVEZ HUAILLANI<\/td>\n<td>AU.TC.<\/td>\n<\/tr>\n<tr>\n<td>44<\/td>\n<td>Mg. DELIA MAR\u00cdA RIVERA J\u00c1UREGUI<\/td>\n<td>AU.TC.<\/td>\n<\/tr>\n<tr>\n<td>45<\/td>\n<td>Mg. JUAN SANTIAGO ZAMATA MACHACA<\/td>\n<td>AU.TP-20<\/td>\n<\/tr>\n<tr>\n<td>46<\/td>\n<td>Mg. VICENTE RUELAS QUISPE<\/td>\n<td>AU.TP-20<\/td>\n<\/tr>\n<tr>\n<td>47<\/td>\n<td>Dr. VALERIO TEODORO TICONA APAZA<\/td>\n<td>AU.TP-20<\/td>\n<\/tr>\n<tr>\n<td>48<\/td>\n<td>Dr. BENJAMIN RUBY OBANDO GOMEZ<\/td>\n<td>AU.TP-20<\/td>\n<\/tr>\n<\/tbody>\n<\/table>\n","protected":false},"excerpt":{"rendered":"<p>Nro. \u00a0NOMBRES Y APELLIDOS CAT\/REG. 1 Dr. RONALD EDDY CUBA CARPIO PR.DE 2 Dr. LUIS\u00a0 ROBERTO GAMERO JU\u00c1REZ PR.DE 3 Dr. ALDO ENR\u00cdQUEZ GUTIERREZ PR.DE 4 Dr. JOHN ALEX DELGADO NIETO PR.DE 5 Dr. MIGUEL \u00c1NGEL ALARC\u00d3N CARRASCO PR.DE 6 Dr. JES\u00daS TELLEZ ESPINOZA PR.DE 7 Dr. FORTUNATO EDMUNDO\u00a0 CARPIO VALENCIA PR.DE 8 Dr. ROHEL [&hellip;]<\/p>\n","protected":false},"author":1,"featured_media":1588,"parent":0,"menu_order":0,"comment_status":"closed","ping_status":"closed","template":"","meta":{"_acf_changed":false,"footnotes":""},"class_list":["post-1210","page","type-page","status-publish","has-post-thumbnail","hentry"],"acf":[],"_links":{"self":[{"href":"https:\/\/fccf.unsa.edu.pe\/contabilidad\/wp-json\/wp\/v2\/pages\/1210","targetHints":{"allow":["GET"]}}],"collection":[{"href":"https:\/\/fccf.unsa.edu.pe\/contabilidad\/wp-json\/wp\/v2\/pages"}],"about":[{"href":"https:\/\/fccf.unsa.edu.pe\/contabilidad\/wp-json\/wp\/v2\/types\/page"}],"author":[{"embeddable":true,"href":"https:\/\/fccf.unsa.edu.pe\/contabilidad\/wp-json\/wp\/v2\/users\/1"}],"replies":[{"embeddable":true,"href":"https:\/\/fccf.unsa.edu.pe\/contabilidad\/wp-json\/wp\/v2\/comments?post=1210"}],"version-history":[{"count":14,"href":"https:\/\/fccf.unsa.edu.pe\/contabilidad\/wp-json\/wp\/v2\/pages\/1210\/revisions"}],"predecessor-version":[{"id":1589,"href":"https:\/\/fccf.unsa.edu.pe\/contabilidad\/wp-json\/wp\/v2\/pages\/1210\/revisions\/1589"}],"wp:featuredmedia":[{"embeddable":true,"href":"https:\/\/fccf.unsa.edu.pe\/contabilidad\/wp-json\/wp\/v2\/media\/1588"}],"wp:attachment":[{"href":"https:\/\/fccf.unsa.edu.pe\/contabilidad\/wp-json\/wp\/v2\/media?parent=1210"}],"curies":[{"name":"wp","href":"https:\/\/api.w.org\/{rel}","templated":true}]}}