{"id":1180,"date":"2018-04-18T22:27:42","date_gmt":"2018-04-18T22:27:42","guid":{"rendered":"https:\/\/fccf.unsa.edu.pe\/contabilidad\/?page_id=1180"},"modified":"2023-09-27T10:24:08","modified_gmt":"2023-09-27T15:24:08","slug":"competencias-de-la-carrera","status":"publish","type":"page","link":"https:\/\/fccf.unsa.edu.pe\/contabilidad\/competencias-de-la-carrera\/","title":{"rendered":"Competencias de la Carrera"},"content":{"rendered":"<h4><strong>COMPETENCIAS BASICAS GENERICAS<\/strong><\/h4>\n<ul>\n<li><strong>G1. CAPACIDAD DE INVESTIGACI\u00d3N<\/strong><\/li>\n<li><strong>G2. \u00c9TICA<\/strong><\/li>\n<li><strong>G3. COMUNICACI\u00d3N INTEGRAL<\/strong><\/li>\n<li><strong>G4. TRABAJO EN EQUIPO<\/strong><\/li>\n<li><strong>G5. MANEJO DE TIC&#8217;S<\/strong><\/li>\n<\/ul>\n<h4><strong>COMPETENCIAS ESPECIFICAS O DE ESPECIALIDAD<\/strong><\/h4>\n<ul>\n<li><strong>E1. Informaci\u00f3n Financiera:<\/strong> Elabora e interpreta informaci\u00f3n financiera para la toma de decisiones.<\/li>\n<li><strong>E2. Auditor\u00eda: <\/strong>Emite opini\u00f3n sobre la situaci\u00f3n financiera consignada en los estados financieros de las entidades, para mejorar la transparencia de los mercados de acuerdo a la normatividad vigente.<\/li>\n<li><strong>E3. Tributaci\u00f3n Laboral:<\/strong> Aplica la legislaci\u00f3n tributaria y laboral, relacionada con la profesi\u00f3n y las entidades, para el adecuado cumplimiento, control y seguimiento de las obligaciones fiscales y laborales.<\/li>\n<li><strong>E4. Finanzas:<\/strong> Eval\u00faa las decisiones de inversi\u00f3n y financiamiento en las entidades, para contribuir a maximizar el valor de las entidades.<\/li>\n<li><strong>E5. Costos:<\/strong> Analiza los costos empresariales, para su presentaci\u00f3n en los estados financieros y una adecuada toma de decisiones.<\/li>\n<\/ul>\n","protected":false},"excerpt":{"rendered":"<p>COMPETENCIAS BASICAS GENERICAS G1. CAPACIDAD DE INVESTIGACI\u00d3N G2. \u00c9TICA G3. COMUNICACI\u00d3N INTEGRAL G4. TRABAJO EN EQUIPO G5. MANEJO DE TIC&#8217;S COMPETENCIAS ESPECIFICAS O DE ESPECIALIDAD E1. Informaci\u00f3n Financiera: Elabora e interpreta informaci\u00f3n financiera para la toma de decisiones. E2. Auditor\u00eda: Emite opini\u00f3n sobre la situaci\u00f3n financiera consignada en los estados financieros de las entidades, para [&hellip;]<\/p>\n","protected":false},"author":1,"featured_media":1532,"parent":0,"menu_order":0,"comment_status":"closed","ping_status":"closed","template":"page-imagen.php","meta":{"_acf_changed":false,"footnotes":""},"class_list":["post-1180","page","type-page","status-publish","has-post-thumbnail","hentry"],"acf":[],"_links":{"self":[{"href":"https:\/\/fccf.unsa.edu.pe\/contabilidad\/wp-json\/wp\/v2\/pages\/1180","targetHints":{"allow":["GET"]}}],"collection":[{"href":"https:\/\/fccf.unsa.edu.pe\/contabilidad\/wp-json\/wp\/v2\/pages"}],"about":[{"href":"https:\/\/fccf.unsa.edu.pe\/contabilidad\/wp-json\/wp\/v2\/types\/page"}],"author":[{"embeddable":true,"href":"https:\/\/fccf.unsa.edu.pe\/contabilidad\/wp-json\/wp\/v2\/users\/1"}],"replies":[{"embeddable":true,"href":"https:\/\/fccf.unsa.edu.pe\/contabilidad\/wp-json\/wp\/v2\/comments?post=1180"}],"version-history":[{"count":12,"href":"https:\/\/fccf.unsa.edu.pe\/contabilidad\/wp-json\/wp\/v2\/pages\/1180\/revisions"}],"predecessor-version":[{"id":1573,"href":"https:\/\/fccf.unsa.edu.pe\/contabilidad\/wp-json\/wp\/v2\/pages\/1180\/revisions\/1573"}],"wp:featuredmedia":[{"embeddable":true,"href":"https:\/\/fccf.unsa.edu.pe\/contabilidad\/wp-json\/wp\/v2\/media\/1532"}],"wp:attachment":[{"href":"https:\/\/fccf.unsa.edu.pe\/contabilidad\/wp-json\/wp\/v2\/media?parent=1180"}],"curies":[{"name":"wp","href":"https:\/\/api.w.org\/{rel}","templated":true}]}}