{"id":1176,"date":"2018-04-18T22:22:53","date_gmt":"2018-04-18T22:22:53","guid":{"rendered":"https:\/\/fccf.unsa.edu.pe\/contabilidad\/?page_id=1176"},"modified":"2024-05-05T21:59:53","modified_gmt":"2024-05-06T02:59:53","slug":"perfil-del-egresado","status":"publish","type":"page","link":"https:\/\/fccf.unsa.edu.pe\/contabilidad\/perfil-del-egresado\/","title":{"rendered":"Perfil del Egresado"},"content":{"rendered":"<p>El programa de estudios de contabilidad, est\u00e1 desarrollado para formar profesionales con competencias para la investigaci\u00f3n e innovaci\u00f3n, y gestionando informaci\u00f3n econ\u00f3mica y financiera, lo cual le permite proponer alternativas para una adecuada toma de decisiones en las entidades, con un enfoque de responsabilidad social.<\/p>\n<p>Competencias B\u00e1sicas &#8211; Gen\u00e9ricas:<\/p>\n<ul>\n<li>Investigaci\u00f3n, creatividad e innovaci\u00f3n.<\/li>\n<li>Humanismo, identidad y ciudadan\u00eda.<\/li>\n<li>Aprendizaje continuo.<\/li>\n<li>Pensamiento cr\u00edtico y complejo.<\/li>\n<li>Liderazgo y trabajo en equipo.<\/li>\n<\/ul>\n<p>Competencias Espec\u00edficas:<\/p>\n<ul>\n<li>Elabora la informaci\u00f3n financiera, aplicando tecnolog\u00edas de la informaci\u00f3n, conceptos b\u00e1sicos de finanzas y costos empresariales, para la presentaci\u00f3n en los estados financieros, promoviendo la toma de decisiones creando valor econ\u00f3mico en las entidades de acuerdo a la normatividad vigente, con responsabilidad social y sostenibilidad.<\/li>\n<li>Aplica las normas vinculadas a la auditoria para emitir opini\u00f3n sobre la situaci\u00f3n financiera y los controles que soportan los estados financieros y procesos de las entidades para mejorar la transparencia de los mercados.<\/li>\n<li>Interpreta la legislaci\u00f3n tributaria y laboral, relacionada con la profesi\u00f3n y las entidades, para el adecuado cumplimiento, control y seguimiento de las obligaciones fiscales y laborales en concordancia con las normas legales vigentes.<\/li>\n<\/ul>\n<p>Competencias especialidad:<\/p>\n<ul>\n<li>Aplica la informaci\u00f3n financiera para la toma de decisiones en empresas regionales considerando el sistema de contabilidad con responsabilidad y \u00e9tica para la sostenibilidad de las organizaciones.<\/li>\n<li>Desarrolla los aspectos conceptuales de auditor\u00eda para interpretar y aplicar las normas internacionales de auditor\u00eda financiera formulando el dictamen sobre los estados financieros en su conjunto.<\/li>\n<li>Aplica los fundamentos y caracter\u00edsticas de las finanzas examinando la planeaci\u00f3n financiera, las clases de financiamiento, pol\u00edticas y decisiones de inversi\u00f3n; evaluando los impactos de las finanzas en el rendimiento de las inversiones.<\/li>\n<li>Desarrolla los conceptos b\u00e1sicos de costos y su relaci\u00f3n con la planeaci\u00f3n control y toma de decisiones relacionando los objetivos de la entidad.<\/li>\n<\/ul>\n","protected":false},"excerpt":{"rendered":"<p>El programa de estudios de contabilidad, est\u00e1 desarrollado para formar profesionales con competencias para la investigaci\u00f3n e innovaci\u00f3n, y gestionando informaci\u00f3n econ\u00f3mica y financiera, lo cual le permite proponer alternativas para una adecuada toma de decisiones en las entidades, con un enfoque de responsabilidad social. Competencias B\u00e1sicas &#8211; Gen\u00e9ricas: Investigaci\u00f3n, creatividad e innovaci\u00f3n. Humanismo, identidad [&hellip;]<\/p>\n","protected":false},"author":1,"featured_media":1531,"parent":0,"menu_order":0,"comment_status":"closed","ping_status":"closed","template":"","meta":{"_acf_changed":false,"footnotes":""},"class_list":["post-1176","page","type-page","status-publish","has-post-thumbnail","hentry"],"acf":[],"_links":{"self":[{"href":"https:\/\/fccf.unsa.edu.pe\/contabilidad\/wp-json\/wp\/v2\/pages\/1176","targetHints":{"allow":["GET"]}}],"collection":[{"href":"https:\/\/fccf.unsa.edu.pe\/contabilidad\/wp-json\/wp\/v2\/pages"}],"about":[{"href":"https:\/\/fccf.unsa.edu.pe\/contabilidad\/wp-json\/wp\/v2\/types\/page"}],"author":[{"embeddable":true,"href":"https:\/\/fccf.unsa.edu.pe\/contabilidad\/wp-json\/wp\/v2\/users\/1"}],"replies":[{"embeddable":true,"href":"https:\/\/fccf.unsa.edu.pe\/contabilidad\/wp-json\/wp\/v2\/comments?post=1176"}],"version-history":[{"count":6,"href":"https:\/\/fccf.unsa.edu.pe\/contabilidad\/wp-json\/wp\/v2\/pages\/1176\/revisions"}],"predecessor-version":[{"id":1584,"href":"https:\/\/fccf.unsa.edu.pe\/contabilidad\/wp-json\/wp\/v2\/pages\/1176\/revisions\/1584"}],"wp:featuredmedia":[{"embeddable":true,"href":"https:\/\/fccf.unsa.edu.pe\/contabilidad\/wp-json\/wp\/v2\/media\/1531"}],"wp:attachment":[{"href":"https:\/\/fccf.unsa.edu.pe\/contabilidad\/wp-json\/wp\/v2\/media?parent=1176"}],"curies":[{"name":"wp","href":"https:\/\/api.w.org\/{rel}","templated":true}]}}