{"id":1174,"date":"2018-04-18T22:21:47","date_gmt":"2018-04-18T22:21:47","guid":{"rendered":"https:\/\/fccf.unsa.edu.pe\/contabilidad\/?page_id=1174"},"modified":"2024-05-05T21:58:29","modified_gmt":"2024-05-06T02:58:29","slug":"perfil-del-ingresante","status":"publish","type":"page","link":"https:\/\/fccf.unsa.edu.pe\/contabilidad\/perfil-del-ingresante\/","title":{"rendered":"Perfil del Ingresante"},"content":{"rendered":"<p>El ingresante a la Escuela Profesional de Contabilidad deber\u00e1:<\/p>\n<ul>\n<li>Demostrar conocimiento en matem\u00e1tica b\u00e1sica obtenido durante su Educaci\u00f3n B\u00e1sica Regular (primaria y secundaria).<\/li>\n<li>Disponer de un \u00e1gil razonamiento matem\u00e1tico que le permita resolver r\u00e1pidamente problemas planteados.<\/li>\n<li>Tener habilidad en la comprensi\u00f3n de lectura, redacci\u00f3n y composici\u00f3n.<\/li>\n<\/ul>\n","protected":false},"excerpt":{"rendered":"<p>El ingresante a la Escuela Profesional de Contabilidad deber\u00e1: Demostrar conocimiento en matem\u00e1tica b\u00e1sica obtenido durante su Educaci\u00f3n B\u00e1sica Regular (primaria y secundaria). Disponer de un \u00e1gil razonamiento matem\u00e1tico que le permita resolver r\u00e1pidamente problemas planteados. Tener habilidad en la comprensi\u00f3n de lectura, redacci\u00f3n y composici\u00f3n.<\/p>\n","protected":false},"author":1,"featured_media":1532,"parent":0,"menu_order":0,"comment_status":"closed","ping_status":"closed","template":"","meta":{"_acf_changed":false,"footnotes":""},"class_list":["post-1174","page","type-page","status-publish","has-post-thumbnail","hentry"],"acf":[],"_links":{"self":[{"href":"https:\/\/fccf.unsa.edu.pe\/contabilidad\/wp-json\/wp\/v2\/pages\/1174","targetHints":{"allow":["GET"]}}],"collection":[{"href":"https:\/\/fccf.unsa.edu.pe\/contabilidad\/wp-json\/wp\/v2\/pages"}],"about":[{"href":"https:\/\/fccf.unsa.edu.pe\/contabilidad\/wp-json\/wp\/v2\/types\/page"}],"author":[{"embeddable":true,"href":"https:\/\/fccf.unsa.edu.pe\/contabilidad\/wp-json\/wp\/v2\/users\/1"}],"replies":[{"embeddable":true,"href":"https:\/\/fccf.unsa.edu.pe\/contabilidad\/wp-json\/wp\/v2\/comments?post=1174"}],"version-history":[{"count":6,"href":"https:\/\/fccf.unsa.edu.pe\/contabilidad\/wp-json\/wp\/v2\/pages\/1174\/revisions"}],"predecessor-version":[{"id":1582,"href":"https:\/\/fccf.unsa.edu.pe\/contabilidad\/wp-json\/wp\/v2\/pages\/1174\/revisions\/1582"}],"wp:featuredmedia":[{"embeddable":true,"href":"https:\/\/fccf.unsa.edu.pe\/contabilidad\/wp-json\/wp\/v2\/media\/1532"}],"wp:attachment":[{"href":"https:\/\/fccf.unsa.edu.pe\/contabilidad\/wp-json\/wp\/v2\/media?parent=1174"}],"curies":[{"name":"wp","href":"https:\/\/api.w.org\/{rel}","templated":true}]}}