{"id":1168,"date":"2018-04-18T22:14:02","date_gmt":"2018-04-18T22:14:02","guid":{"rendered":"https:\/\/fccf.unsa.edu.pe\/contabilidad\/?page_id=1168"},"modified":"2024-04-26T14:32:08","modified_gmt":"2024-04-26T19:32:08","slug":"director-de-escuela","status":"publish","type":"page","link":"https:\/\/fccf.unsa.edu.pe\/contabilidad\/director-de-escuela\/","title":{"rendered":"Director de Escuela"},"content":{"rendered":"<h2>Dr. Leonardo Patricio Calder\u00f3n Peralta<\/h2>\n<p>Respaldado por una s\u00f3lida formaci\u00f3n acad\u00e9mica y una amplia experiencia profesional en el \u00e1mbito contable, financiero y especialmente en auditor\u00eda, ha desempe\u00f1ado roles de liderazgo como Director de la Escuela de Finanzas y miembro activo de la comisi\u00f3n de acreditaci\u00f3n de Contabilidad y Finanzas en la UNSA. Adem\u00e1s, se ha destacado como docente tanto en pregrado como posgrado en la UNSA y en la UCSP.<\/p>\n<p>Su extensa preparaci\u00f3n incluye un Doctorado en Ciencias Empresariales, una Maestr\u00eda en Finanzas y Administraci\u00f3n de Negocios, el t\u00edtulo de Contador P\u00fablico, un Posgrado en Normas Internacionales de Informaci\u00f3n Financiera (NIIF) en la Universidad ESAN, un Diplomado en Riesgos de la misma instituci\u00f3n, y es Auditor Independiente del Colegio de Contadores P\u00fablicos de Arequipa. Tambi\u00e9n cuenta con experiencia pr\u00e1ctica como Auditor Interno del Grupo Empresarial INCA.<\/p>\n<p>El profundo conocimiento de la profesi\u00f3n contable y los temas de acreditaci\u00f3n educativa universitaria han sido fundamentales para su \u00e9xito como autoridad acad\u00e9mica. Su motivaci\u00f3n por el \u00e1mbito acad\u00e9mico proviene del rol trascendental que desempe\u00f1a el auditor en el campo empresarial y su v\u00ednculo con todos los procesos de las organizaciones. Su incursi\u00f3n en la docencia universitaria est\u00e1 motivada por el deseo de contribuir a la formaci\u00f3n de las nuevas generaciones de profesionales que liderar\u00e1n adecuadamente el pa\u00eds, bajo el mensaje: \u201cel \u00e9xito profesional requiere perseverancia y capacitaci\u00f3n constante\u201d.<\/p>\n<p>&nbsp;<\/p>\n","protected":false},"excerpt":{"rendered":"<p>Dr. Leonardo Patricio Calder\u00f3n Peralta Respaldado por una s\u00f3lida formaci\u00f3n acad\u00e9mica y una amplia experiencia profesional en el \u00e1mbito contable, financiero y especialmente en auditor\u00eda, ha desempe\u00f1ado roles de liderazgo como Director de la Escuela de Finanzas y miembro activo de la comisi\u00f3n de acreditaci\u00f3n de Contabilidad y Finanzas en la UNSA. Adem\u00e1s, se ha [&hellip;]<\/p>\n","protected":false},"author":1,"featured_media":1578,"parent":0,"menu_order":0,"comment_status":"closed","ping_status":"closed","template":"","meta":{"_acf_changed":false,"footnotes":""},"class_list":["post-1168","page","type-page","status-publish","has-post-thumbnail","hentry"],"acf":[],"_links":{"self":[{"href":"https:\/\/fccf.unsa.edu.pe\/contabilidad\/wp-json\/wp\/v2\/pages\/1168","targetHints":{"allow":["GET"]}}],"collection":[{"href":"https:\/\/fccf.unsa.edu.pe\/contabilidad\/wp-json\/wp\/v2\/pages"}],"about":[{"href":"https:\/\/fccf.unsa.edu.pe\/contabilidad\/wp-json\/wp\/v2\/types\/page"}],"author":[{"embeddable":true,"href":"https:\/\/fccf.unsa.edu.pe\/contabilidad\/wp-json\/wp\/v2\/users\/1"}],"replies":[{"embeddable":true,"href":"https:\/\/fccf.unsa.edu.pe\/contabilidad\/wp-json\/wp\/v2\/comments?post=1168"}],"version-history":[{"count":8,"href":"https:\/\/fccf.unsa.edu.pe\/contabilidad\/wp-json\/wp\/v2\/pages\/1168\/revisions"}],"predecessor-version":[{"id":1579,"href":"https:\/\/fccf.unsa.edu.pe\/contabilidad\/wp-json\/wp\/v2\/pages\/1168\/revisions\/1579"}],"wp:featuredmedia":[{"embeddable":true,"href":"https:\/\/fccf.unsa.edu.pe\/contabilidad\/wp-json\/wp\/v2\/media\/1578"}],"wp:attachment":[{"href":"https:\/\/fccf.unsa.edu.pe\/contabilidad\/wp-json\/wp\/v2\/media?parent=1168"}],"curies":[{"name":"wp","href":"https:\/\/api.w.org\/{rel}","templated":true}]}}