{"id":1164,"date":"2018-04-18T22:09:39","date_gmt":"2018-04-18T22:09:39","guid":{"rendered":"https:\/\/fccf.unsa.edu.pe\/contabilidad\/?page_id=1164"},"modified":"2024-05-05T21:56:25","modified_gmt":"2024-05-06T02:56:25","slug":"objetivos-educacionales","status":"publish","type":"page","link":"https:\/\/fccf.unsa.edu.pe\/contabilidad\/objetivos-educacionales\/","title":{"rendered":"Objetivos Educacionales"},"content":{"rendered":"<ul>\n<li>Desarrollar investigaci\u00f3n que permita la obtenci\u00f3n de nuevos conocimientos en la profesi\u00f3n contable y en beneficio de las instituciones<\/li>\n<li>Desempe\u00f1arse con Valores, \u00c9tica y Responsabilidad Social<\/li>\n<li>Identificar el funcionamiento del sistema financiero, sus instrumentos en los mercados nacionales e internacionales, para la toma de decisiones.<\/li>\n<li>Elaborar e interpretar la informaci\u00f3n financiera para la toma de decisiones en las entidades, de acuerdo a la normatividad contable vigente<\/li>\n<li>Emitir opini\u00f3n sobre la situaci\u00f3n financiera consignada en los estados financieros de las entidades, aplicando las bases te\u00f3ricas y normativas de auditor\u00eda<\/li>\n<li>Interpretar y aplicar la legislaci\u00f3n tributaria y laboral, pertinente, para el adecuado cumplimiento, control y seguimiento de las obligaciones fiscales y laborales.<\/li>\n<\/ul>\n","protected":false},"excerpt":{"rendered":"<p>Desarrollar investigaci\u00f3n que permita la obtenci\u00f3n de nuevos conocimientos en la profesi\u00f3n contable y en beneficio de las instituciones Desempe\u00f1arse con Valores, \u00c9tica y Responsabilidad Social Identificar el funcionamiento del sistema financiero, sus instrumentos en los mercados nacionales e internacionales, para la toma de decisiones. Elaborar e interpretar la informaci\u00f3n financiera para la toma de [&hellip;]<\/p>\n","protected":false},"author":1,"featured_media":1529,"parent":0,"menu_order":0,"comment_status":"closed","ping_status":"closed","template":"","meta":{"_acf_changed":false,"footnotes":""},"class_list":["post-1164","page","type-page","status-publish","has-post-thumbnail","hentry"],"acf":[],"_links":{"self":[{"href":"https:\/\/fccf.unsa.edu.pe\/contabilidad\/wp-json\/wp\/v2\/pages\/1164","targetHints":{"allow":["GET"]}}],"collection":[{"href":"https:\/\/fccf.unsa.edu.pe\/contabilidad\/wp-json\/wp\/v2\/pages"}],"about":[{"href":"https:\/\/fccf.unsa.edu.pe\/contabilidad\/wp-json\/wp\/v2\/types\/page"}],"author":[{"embeddable":true,"href":"https:\/\/fccf.unsa.edu.pe\/contabilidad\/wp-json\/wp\/v2\/users\/1"}],"replies":[{"embeddable":true,"href":"https:\/\/fccf.unsa.edu.pe\/contabilidad\/wp-json\/wp\/v2\/comments?post=1164"}],"version-history":[{"count":6,"href":"https:\/\/fccf.unsa.edu.pe\/contabilidad\/wp-json\/wp\/v2\/pages\/1164\/revisions"}],"predecessor-version":[{"id":1581,"href":"https:\/\/fccf.unsa.edu.pe\/contabilidad\/wp-json\/wp\/v2\/pages\/1164\/revisions\/1581"}],"wp:featuredmedia":[{"embeddable":true,"href":"https:\/\/fccf.unsa.edu.pe\/contabilidad\/wp-json\/wp\/v2\/media\/1529"}],"wp:attachment":[{"href":"https:\/\/fccf.unsa.edu.pe\/contabilidad\/wp-json\/wp\/v2\/media?parent=1164"}],"curies":[{"name":"wp","href":"https:\/\/api.w.org\/{rel}","templated":true}]}}