{"id":1121,"date":"2018-04-17T20:32:31","date_gmt":"2018-04-17T20:32:31","guid":{"rendered":"https:\/\/fccf.unsa.edu.pe\/contabilidad\/?page_id=1121"},"modified":"2024-05-05T21:56:13","modified_gmt":"2024-05-06T02:56:13","slug":"mision","status":"publish","type":"page","link":"https:\/\/fccf.unsa.edu.pe\/contabilidad\/mision\/","title":{"rendered":"Misi\u00f3n"},"content":{"rendered":"<div class=\"cua-gri\">\n<p>\u201cFormar profesionales en contabilidad competentes y \u00e9ticos, con capacidad para la investigaci\u00f3n e innovaci\u00f3n, generando conocimiento y gestionando informaci\u00f3n econ\u00f3mica y financiera, contribuyendo al desarrollo sostenible de las Entidades de la regi\u00f3n y del pa\u00eds con responsabilidad social.\u201d<\/p>\n<\/div>\n","protected":false},"excerpt":{"rendered":"<p>\u201cFormar profesionales en contabilidad competentes y \u00e9ticos, con capacidad para la investigaci\u00f3n e innovaci\u00f3n, generando conocimiento y gestionando informaci\u00f3n econ\u00f3mica y financiera, contribuyendo al desarrollo sostenible de las Entidades de la regi\u00f3n y del pa\u00eds con responsabilidad social.\u201d<\/p>\n","protected":false},"author":1,"featured_media":0,"parent":0,"menu_order":0,"comment_status":"closed","ping_status":"closed","template":"","meta":{"_acf_changed":false,"footnotes":""},"class_list":["post-1121","page","type-page","status-publish","hentry"],"acf":[],"_links":{"self":[{"href":"https:\/\/fccf.unsa.edu.pe\/contabilidad\/wp-json\/wp\/v2\/pages\/1121","targetHints":{"allow":["GET"]}}],"collection":[{"href":"https:\/\/fccf.unsa.edu.pe\/contabilidad\/wp-json\/wp\/v2\/pages"}],"about":[{"href":"https:\/\/fccf.unsa.edu.pe\/contabilidad\/wp-json\/wp\/v2\/types\/page"}],"author":[{"embeddable":true,"href":"https:\/\/fccf.unsa.edu.pe\/contabilidad\/wp-json\/wp\/v2\/users\/1"}],"replies":[{"embeddable":true,"href":"https:\/\/fccf.unsa.edu.pe\/contabilidad\/wp-json\/wp\/v2\/comments?post=1121"}],"version-history":[{"count":19,"href":"https:\/\/fccf.unsa.edu.pe\/contabilidad\/wp-json\/wp\/v2\/pages\/1121\/revisions"}],"predecessor-version":[{"id":1556,"href":"https:\/\/fccf.unsa.edu.pe\/contabilidad\/wp-json\/wp\/v2\/pages\/1121\/revisions\/1556"}],"wp:attachment":[{"href":"https:\/\/fccf.unsa.edu.pe\/contabilidad\/wp-json\/wp\/v2\/media?parent=1121"}],"curies":[{"name":"wp","href":"https:\/\/api.w.org\/{rel}","templated":true}]}}